{"id":5546,"date":"2025-10-07T11:54:32","date_gmt":"2025-10-07T10:54:32","guid":{"rendered":"https:\/\/www.ustore-it.eu\/pagina-de-reserva-online-para-clientes-de-ustore-it\/"},"modified":"2025-10-31T10:54:26","modified_gmt":"2025-10-31T09:54:26","slug":"pagina-de-reserva-online-para-clientes-de-ustore-it","status":"publish","type":"page","link":"https:\/\/www.ustore-it.eu\/es\/pagina-de-reserva-online-para-clientes-de-ustore-it\/","title":{"rendered":"P\u00e1gina de reserva online para clientes de uStore-it"},"content":{"rendered":"\t\t<div data-elementor-type=\"wp-page\" data-elementor-id=\"5546\" class=\"elementor elementor-5546 elementor-5444\" data-elementor-post-type=\"page\">\n\t\t\t\t<div class=\"elementor-element elementor-element-7a4d094 e-flex e-con-boxed e-con e-parent\" data-id=\"7a4d094\" data-element_type=\"container\" data-e-type=\"container\">\n\t\t\t\t\t<div class=\"e-con-inner\">\n\t\t\t\t<div class=\"elementor-element elementor-element-3464438 elementor-widget elementor-widget-heading\" data-id=\"3464438\" data-element_type=\"widget\" data-e-type=\"widget\" data-widget_type=\"heading.default\">\n\t\t\t\t\t<h1 class=\"elementor-heading-title elementor-size-default\">Reserva online<\/h1>\t\t\t\t<\/div>\n\t\t\t\t\t<\/div>\n\t\t\t\t<\/div>\n\t\t<div class=\"elementor-element elementor-element-5830fa2 e-flex e-con-boxed e-con e-parent\" data-id=\"5830fa2\" data-element_type=\"container\" data-e-type=\"container\" data-settings=\"{&quot;background_background&quot;:&quot;classic&quot;}\">\n\t\t\t\t\t<div class=\"e-con-inner\">\n\t\t\t\t\t<\/div>\n\t\t\t\t<\/div>\n\t\t<div class=\"elementor-element elementor-element-ec09120 e-flex e-con-boxed e-con e-parent\" data-id=\"ec09120\" data-element_type=\"container\" data-e-type=\"container\">\n\t\t\t\t\t<div class=\"e-con-inner\">\n\t\t\t\t<div class=\"elementor-element elementor-element-5b3c595 elementor-widget elementor-widget-heading\" data-id=\"5b3c595\" data-element_type=\"widget\" data-e-type=\"widget\" data-widget_type=\"heading.default\">\n\t\t\t\t\t<h2 class=\"elementor-heading-title elementor-size-default\">Reserva online en tu ubicaci\u00f3n preferida<\/h2>\t\t\t\t<\/div>\n\t\t\t\t\t<\/div>\n\t\t\t\t<\/div>\n\t\t<div class=\"elementor-element elementor-element-5262de0 e-flex e-con-boxed e-con e-parent\" data-id=\"5262de0\" data-element_type=\"container\" data-e-type=\"container\">\n\t\t\t\t\t<div class=\"e-con-inner\">\n\t\t<div class=\"elementor-element elementor-element-ce83be1 e-con-full e-flex e-con e-child\" data-id=\"ce83be1\" data-element_type=\"container\" data-e-type=\"container\">\n\t\t\t\t<div class=\"elementor-element elementor-element-0573f34 elementor-widget elementor-widget-heading\" data-id=\"0573f34\" data-element_type=\"widget\" data-e-type=\"widget\" data-widget_type=\"heading.default\">\n\t\t\t\t\t<h2 class=\"elementor-heading-title elementor-size-default\"><a href=\"https:\/\/ustore-it-alhaurin.storeganise.com\">Alhaur\u00edn de la Torre<\/a><\/h2>\t\t\t\t<\/div>\n\t\t\t\t<\/div>\n\t\t<div class=\"elementor-element elementor-element-dd89e48 e-con-full e-flex e-con e-child\" data-id=\"dd89e48\" data-element_type=\"container\" data-e-type=\"container\">\n\t\t\t\t<div class=\"elementor-element elementor-element-e44d1af elementor-widget elementor-widget-heading\" data-id=\"e44d1af\" data-element_type=\"widget\" data-e-type=\"widget\" data-widget_type=\"heading.default\">\n\t\t\t\t\t<h2 class=\"elementor-heading-title elementor-size-default\"><a href=\"https:\/\/ustore-it-manilva.storeganise.com\">Puerto de la Duquesa<\/a><\/h2>\t\t\t\t<\/div>\n\t\t\t\t<\/div>\n\t\t<div class=\"elementor-element elementor-element-e0ce6be e-con-full e-flex e-con e-child\" data-id=\"e0ce6be\" data-element_type=\"container\" data-e-type=\"container\">\n\t\t\t\t<div class=\"elementor-element elementor-element-5bc6063 elementor-widget elementor-widget-heading\" data-id=\"5bc6063\" data-element_type=\"widget\" data-e-type=\"widget\" data-widget_type=\"heading.default\">\n\t\t\t\t\t<h2 class=\"elementor-heading-title elementor-size-default\"><a href=\"https:\/\/ustoreit-lalinea.storeganise.com\">La L\u00ednea<\/a><\/h2>\t\t\t\t<\/div>\n\t\t\t\t<\/div>\n\t\t<div class=\"elementor-element elementor-element-a51e113 e-con-full e-flex e-con e-child\" data-id=\"a51e113\" data-element_type=\"container\" data-e-type=\"container\">\n\t\t\t\t<div class=\"elementor-element elementor-element-282bd65 elementor-widget elementor-widget-heading\" data-id=\"282bd65\" data-element_type=\"widget\" data-e-type=\"widget\" data-widget_type=\"heading.default\">\n\t\t\t\t\t<h2 class=\"elementor-heading-title elementor-size-default\"><a href=\"https:\/\/ustore-it-manilva.storeganise.com\">Manilva<\/a><\/h2>\t\t\t\t<\/div>\n\t\t\t\t<\/div>\n\t\t<div class=\"elementor-element elementor-element-90f027a e-con-full e-flex e-con e-child\" data-id=\"90f027a\" data-element_type=\"container\" data-e-type=\"container\">\n\t\t\t\t<div class=\"elementor-element elementor-element-c69dead elementor-widget elementor-widget-heading\" data-id=\"c69dead\" data-element_type=\"widget\" data-e-type=\"widget\" data-widget_type=\"heading.default\">\n\t\t\t\t\t<h2 class=\"elementor-heading-title elementor-size-default\"><a href=\"https:\/\/ustoreit-lalinea.storeganise.com\">Palmones<\/a><\/h2>\t\t\t\t<\/div>\n\t\t\t\t<\/div>\n\t\t<div class=\"elementor-element elementor-element-e99c45b e-con-full e-flex e-con e-child\" data-id=\"e99c45b\" data-element_type=\"container\" data-e-type=\"container\">\n\t\t\t\t<div class=\"elementor-element elementor-element-b296a9c elementor-widget elementor-widget-heading\" data-id=\"b296a9c\" data-element_type=\"widget\" data-e-type=\"widget\" data-widget_type=\"heading.default\">\n\t\t\t\t\t<h2 class=\"elementor-heading-title elementor-size-default\"><a href=\"https:\/\/ustore-it.storeganise.com\">San Pedro<\/a><\/h2>\t\t\t\t<\/div>\n\t\t\t\t<\/div>\n\t\t\t\t\t<\/div>\n\t\t\t\t<\/div>\n\t\t\t\t<\/div>\n\t\t","protected":false},"excerpt":{"rendered":"<p>Reserva online Reserva online en tu ubicaci\u00f3n preferida Alhaur\u00edn de la Torre Puerto de la Duquesa La L\u00ednea Manilva Palmones San Pedro<\/p>\n","protected":false},"author":5,"featured_media":0,"parent":0,"menu_order":0,"comment_status":"closed","ping_status":"closed","template":"","meta":{"footnotes":""},"class_list":["post-5546","page","type-page","status-publish","hentry"],"yoast_head":"<!-- This site is optimized with the Yoast SEO plugin v27.5 - https:\/\/yoast.com\/product\/yoast-seo-wordpress\/ -->\n<title>P\u00e1gina de reserva online para clientes de uStore-it - uStore-it<\/title>\n<meta name=\"description\" content=\"Los clientes de uStore-it tienen acceso a una p\u00e1gina de inicio de sesi\u00f3n. Puede ver y descargar facturas, y gestionar pagos de forma segura online\" \/>\n<meta name=\"robots\" content=\"index, follow, max-snippet:-1, max-image-preview:large, max-video-preview:-1\" \/>\n<link rel=\"canonical\" href=\"https:\/\/www.ustore-it.eu\/es\/pagina-de-reserva-online-para-clientes-de-ustore-it\/\" \/>\n<meta property=\"og:locale\" content=\"es_ES\" \/>\n<meta property=\"og:type\" content=\"article\" \/>\n<meta property=\"og:title\" content=\"P\u00e1gina de reserva online para clientes de uStore-it - uStore-it\" \/>\n<meta property=\"og:description\" content=\"Los clientes de uStore-it tienen acceso a una p\u00e1gina de inicio de sesi\u00f3n. Puede ver y descargar facturas, y gestionar pagos de forma segura online\" \/>\n<meta property=\"og:url\" content=\"https:\/\/www.ustore-it.eu\/es\/pagina-de-reserva-online-para-clientes-de-ustore-it\/\" \/>\n<meta property=\"og:site_name\" content=\"uStore-it\" \/>\n<meta property=\"article:publisher\" content=\"https:\/\/www.facebook.com\/uStoreitTrasteros\" \/>\n<meta property=\"article:modified_time\" content=\"2025-10-31T09:54:26+00:00\" \/>\n<meta name=\"twitter:card\" content=\"summary_large_image\" \/>\n<meta name=\"twitter:site\" content=\"@Ustore_it\" \/>\n<script type=\"application\/ld+json\" class=\"yoast-schema-graph\">{\"@context\":\"https:\\\/\\\/schema.org\",\"@graph\":[{\"@type\":\"WebPage\",\"@id\":\"https:\\\/\\\/www.ustore-it.eu\\\/es\\\/pagina-de-reserva-online-para-clientes-de-ustore-it\\\/\",\"url\":\"https:\\\/\\\/www.ustore-it.eu\\\/es\\\/pagina-de-reserva-online-para-clientes-de-ustore-it\\\/\",\"name\":\"P\u00e1gina de reserva online para clientes de uStore-it - uStore-it\",\"isPartOf\":{\"@id\":\"https:\\\/\\\/ustore-it.eu\\\/#website\"},\"datePublished\":\"2025-10-07T10:54:32+00:00\",\"dateModified\":\"2025-10-31T09:54:26+00:00\",\"description\":\"Los clientes de uStore-it tienen acceso a una p\u00e1gina de inicio de sesi\u00f3n. Puede ver y descargar facturas, y gestionar pagos de forma segura online\",\"breadcrumb\":{\"@id\":\"https:\\\/\\\/www.ustore-it.eu\\\/es\\\/pagina-de-reserva-online-para-clientes-de-ustore-it\\\/#breadcrumb\"},\"inLanguage\":\"es\",\"potentialAction\":[{\"@type\":\"ReadAction\",\"target\":[\"https:\\\/\\\/www.ustore-it.eu\\\/es\\\/pagina-de-reserva-online-para-clientes-de-ustore-it\\\/\"]}]},{\"@type\":\"BreadcrumbList\",\"@id\":\"https:\\\/\\\/www.ustore-it.eu\\\/es\\\/pagina-de-reserva-online-para-clientes-de-ustore-it\\\/#breadcrumb\",\"itemListElement\":[{\"@type\":\"ListItem\",\"position\":1,\"name\":\"Home\",\"item\":\"https:\\\/\\\/ustore-it.eu\\\/\"},{\"@type\":\"ListItem\",\"position\":2,\"name\":\"P\u00e1gina de reserva online para clientes de uStore-it\"}]},{\"@type\":\"WebSite\",\"@id\":\"https:\\\/\\\/ustore-it.eu\\\/#website\",\"url\":\"https:\\\/\\\/ustore-it.eu\\\/\",\"name\":\"uStore-it Self Storage\",\"description\":\"uStore-it Self Storage\",\"publisher\":{\"@id\":\"https:\\\/\\\/ustore-it.eu\\\/#organization\"},\"potentialAction\":[{\"@type\":\"SearchAction\",\"target\":{\"@type\":\"EntryPoint\",\"urlTemplate\":\"https:\\\/\\\/ustore-it.eu\\\/?s={search_term_string}\"},\"query-input\":{\"@type\":\"PropertyValueSpecification\",\"valueRequired\":true,\"valueName\":\"search_term_string\"}}],\"inLanguage\":\"es\"},{\"@type\":\"Organization\",\"@id\":\"https:\\\/\\\/ustore-it.eu\\\/#organization\",\"name\":\"uStore-it\",\"url\":\"https:\\\/\\\/ustore-it.eu\\\/\",\"logo\":{\"@type\":\"ImageObject\",\"inLanguage\":\"es\",\"@id\":\"https:\\\/\\\/ustore-it.eu\\\/#\\\/schema\\\/logo\\\/image\\\/\",\"url\":\"https:\\\/\\\/www.ustore-it.eu\\\/wp-content\\\/uploads\\\/2025\\\/09\\\/No-Background-Main-Logo-ES-.png\",\"contentUrl\":\"https:\\\/\\\/www.ustore-it.eu\\\/wp-content\\\/uploads\\\/2025\\\/09\\\/No-Background-Main-Logo-ES-.png\",\"width\":919,\"height\":259,\"caption\":\"uStore-it\"},\"image\":{\"@id\":\"https:\\\/\\\/ustore-it.eu\\\/#\\\/schema\\\/logo\\\/image\\\/\"},\"sameAs\":[\"https:\\\/\\\/www.facebook.com\\\/uStoreitTrasteros\",\"https:\\\/\\\/x.com\\\/Ustore_it\",\"https:\\\/\\\/www.linkedin.com\\\/company\\\/ustore-it\\\/\"]}]}<\/script>\n<!-- \/ Yoast SEO plugin. -->","yoast_head_json":{"title":"P\u00e1gina de reserva online para clientes de uStore-it - uStore-it","description":"Los clientes de uStore-it tienen acceso a una p\u00e1gina de inicio de sesi\u00f3n. Puede ver y descargar facturas, y gestionar pagos de forma segura online","robots":{"index":"index","follow":"follow","max-snippet":"max-snippet:-1","max-image-preview":"max-image-preview:large","max-video-preview":"max-video-preview:-1"},"canonical":"https:\/\/www.ustore-it.eu\/es\/pagina-de-reserva-online-para-clientes-de-ustore-it\/","og_locale":"es_ES","og_type":"article","og_title":"P\u00e1gina de reserva online para clientes de uStore-it - uStore-it","og_description":"Los clientes de uStore-it tienen acceso a una p\u00e1gina de inicio de sesi\u00f3n. Puede ver y descargar facturas, y gestionar pagos de forma segura online","og_url":"https:\/\/www.ustore-it.eu\/es\/pagina-de-reserva-online-para-clientes-de-ustore-it\/","og_site_name":"uStore-it","article_publisher":"https:\/\/www.facebook.com\/uStoreitTrasteros","article_modified_time":"2025-10-31T09:54:26+00:00","twitter_card":"summary_large_image","twitter_site":"@Ustore_it","schema":{"@context":"https:\/\/schema.org","@graph":[{"@type":"WebPage","@id":"https:\/\/www.ustore-it.eu\/es\/pagina-de-reserva-online-para-clientes-de-ustore-it\/","url":"https:\/\/www.ustore-it.eu\/es\/pagina-de-reserva-online-para-clientes-de-ustore-it\/","name":"P\u00e1gina de reserva online para clientes de uStore-it - uStore-it","isPartOf":{"@id":"https:\/\/ustore-it.eu\/#website"},"datePublished":"2025-10-07T10:54:32+00:00","dateModified":"2025-10-31T09:54:26+00:00","description":"Los clientes de uStore-it tienen acceso a una p\u00e1gina de inicio de sesi\u00f3n. Puede ver y descargar facturas, y gestionar pagos de forma segura online","breadcrumb":{"@id":"https:\/\/www.ustore-it.eu\/es\/pagina-de-reserva-online-para-clientes-de-ustore-it\/#breadcrumb"},"inLanguage":"es","potentialAction":[{"@type":"ReadAction","target":["https:\/\/www.ustore-it.eu\/es\/pagina-de-reserva-online-para-clientes-de-ustore-it\/"]}]},{"@type":"BreadcrumbList","@id":"https:\/\/www.ustore-it.eu\/es\/pagina-de-reserva-online-para-clientes-de-ustore-it\/#breadcrumb","itemListElement":[{"@type":"ListItem","position":1,"name":"Home","item":"https:\/\/ustore-it.eu\/"},{"@type":"ListItem","position":2,"name":"P\u00e1gina de reserva online para clientes de uStore-it"}]},{"@type":"WebSite","@id":"https:\/\/ustore-it.eu\/#website","url":"https:\/\/ustore-it.eu\/","name":"uStore-it Self Storage","description":"uStore-it Self Storage","publisher":{"@id":"https:\/\/ustore-it.eu\/#organization"},"potentialAction":[{"@type":"SearchAction","target":{"@type":"EntryPoint","urlTemplate":"https:\/\/ustore-it.eu\/?s={search_term_string}"},"query-input":{"@type":"PropertyValueSpecification","valueRequired":true,"valueName":"search_term_string"}}],"inLanguage":"es"},{"@type":"Organization","@id":"https:\/\/ustore-it.eu\/#organization","name":"uStore-it","url":"https:\/\/ustore-it.eu\/","logo":{"@type":"ImageObject","inLanguage":"es","@id":"https:\/\/ustore-it.eu\/#\/schema\/logo\/image\/","url":"https:\/\/www.ustore-it.eu\/wp-content\/uploads\/2025\/09\/No-Background-Main-Logo-ES-.png","contentUrl":"https:\/\/www.ustore-it.eu\/wp-content\/uploads\/2025\/09\/No-Background-Main-Logo-ES-.png","width":919,"height":259,"caption":"uStore-it"},"image":{"@id":"https:\/\/ustore-it.eu\/#\/schema\/logo\/image\/"},"sameAs":["https:\/\/www.facebook.com\/uStoreitTrasteros","https:\/\/x.com\/Ustore_it","https:\/\/www.linkedin.com\/company\/ustore-it\/"]}]}},"_links":{"self":[{"href":"https:\/\/www.ustore-it.eu\/es\/wp-json\/wp\/v2\/pages\/5546","targetHints":{"allow":["GET"]}}],"collection":[{"href":"https:\/\/www.ustore-it.eu\/es\/wp-json\/wp\/v2\/pages"}],"about":[{"href":"https:\/\/www.ustore-it.eu\/es\/wp-json\/wp\/v2\/types\/page"}],"author":[{"embeddable":true,"href":"https:\/\/www.ustore-it.eu\/es\/wp-json\/wp\/v2\/users\/5"}],"replies":[{"embeddable":true,"href":"https:\/\/www.ustore-it.eu\/es\/wp-json\/wp\/v2\/comments?post=5546"}],"version-history":[{"count":1,"href":"https:\/\/www.ustore-it.eu\/es\/wp-json\/wp\/v2\/pages\/5546\/revisions"}],"predecessor-version":[{"id":5548,"href":"https:\/\/www.ustore-it.eu\/es\/wp-json\/wp\/v2\/pages\/5546\/revisions\/5548"}],"wp:attachment":[{"href":"https:\/\/www.ustore-it.eu\/es\/wp-json\/wp\/v2\/media?parent=5546"}],"curies":[{"name":"wp","href":"https:\/\/api.w.org\/{rel}","templated":true}]}}